{"id":820,"date":"2013-10-30T14:01:49","date_gmt":"2013-10-30T12:01:49","guid":{"rendered":"https:\/\/lsl-lannert.de\/?page_id=820"},"modified":"2014-03-25T08:33:15","modified_gmt":"2014-03-25T06:33:15","slug":"evaluation-unit-controller","status":"publish","type":"page","link":"https:\/\/lsl-lannert.de\/en\/service\/evaluation-unit-controller\/","title":{"rendered":"Evaluation unit (controller)"},"content":{"rendered":"<h1>382-Z\u00a0 \/ PrecisionPro 6000<\/h1>\n<p>Die Controller\u00a0382-Z und PrecisionPro 6000\u00a0dienen zur Anzeige und Auswertung der Messwerte Ihres Laserkopfes.\u00a0Diese beiden Controller-Typen unterscheiden sich lediglich im Aussehen, im Inneren stecken immer die gleichen Bauelemente.<\/p>\n<p>Wir bieten Ihnen den Service f\u00fcr beide Controller. An diese Controller ist eine\u00a0sogenannte Interfacebox oder ZIP-Box angeschlossen. An der ZIP-Box ist dann ein Laserkopf des Typs 1104C oder PrecisionScan 4120 angeschlossen.\u00a0Die Bedienung dieser Controllers ist identisch mit der der Lasermessger\u00e4te 1210 oder 1220.<\/p>\n<p><a href=\"https:\/\/lsl-lannert.de\/wp-content\/uploads\/tx_kabel-fuer-1104-kopf.jpg\" data-rel=\"lightbox-image-0\" data-rl_title=\"\" data-rl_caption=\"\" title=\"\"><img loading=\"lazy\" class=\"alignleft size-medium wp-image-1103\" alt=\"Kabel f\u00fcr 1104 Kopf\" src=\"https:\/\/lsl-lannert.de\/wp-content\/uploads\/tx_kabel-fuer-1104-kopf-300x225.jpg\" width=\"300\" height=\"225\" srcset=\"https:\/\/lsl-lannert.de\/wp-content\/uploads\/tx_kabel-fuer-1104-kopf-300x225.jpg 300w, https:\/\/lsl-lannert.de\/wp-content\/uploads\/tx_kabel-fuer-1104-kopf.jpg 738w\" sizes=\"(max-width: 300px) 100vw, 300px\" \/><\/a>Zwischen Controller und ZIP-Box werden die Signale mittels eines Signalkabels \u00fcbertragen. In der ZIP-Box befindet sich ein Netzteil mit\u00a0\u00b1 15V Ausgang, au\u00dferdem wird noch eine 110V Wechselspannung Spannung aus den 240V Wechselspannung unseres Netzes erzeugt. Die \u00b115V und 110 V werden dann mit dem Verbindungskabel (wie oben) an den eigentlichen Kopf \u00fcbertragen.<\/p>\n<p>Das Mainboard des Controllers ist zu 90% identisch mit dem f\u00fcr die 1210 und 1220 Messger\u00e4te. Allerdings enth\u00e4lt es zus\u00e4tzlich eine FPU (Floating-point Unit) die der CPU beim &#8221; rechnen &#8221; hilft, da an diesen Controller bis zu 4 Laserk\u00f6pfe angeschlossen werden k\u00f6nnen.<\/p>\n<p>Die Abbildung zeigt ein Verbindungskabel in 3m L\u00e4nge und das Kabel ohne Stecker.<\/p>","protected":false},"excerpt":{"rendered":"<p>382-Z\u00a0 \/ PrecisionPro 6000 Die Controller\u00a0382-Z und PrecisionPro 6000\u00a0dienen zur Anzeige und Auswertung der Messwerte Ihres Laserkopfes.\u00a0Diese beiden Controller-Typen unterscheiden sich lediglich im Aussehen, im Inneren stecken immer die gleichen Bauelemente. Wir bieten Ihnen den Service f\u00fcr beide Controller. An diese Controller ist eine\u00a0sogenannte Interfacebox oder ZIP-Box angeschlossen. An der ZIP-Box ist dann ein Laserkopf [&hellip;]<\/p>\n","protected":false},"author":11,"featured_media":0,"parent":727,"menu_order":46,"comment_status":"closed","ping_status":"closed","template":"","meta":[],"acf":[],"_links":{"self":[{"href":"https:\/\/lsl-lannert.de\/en\/wp-json\/wp\/v2\/pages\/820"}],"collection":[{"href":"https:\/\/lsl-lannert.de\/en\/wp-json\/wp\/v2\/pages"}],"about":[{"href":"https:\/\/lsl-lannert.de\/en\/wp-json\/wp\/v2\/types\/page"}],"author":[{"embeddable":true,"href":"https:\/\/lsl-lannert.de\/en\/wp-json\/wp\/v2\/users\/11"}],"replies":[{"embeddable":true,"href":"https:\/\/lsl-lannert.de\/en\/wp-json\/wp\/v2\/comments?post=820"}],"version-history":[{"count":4,"href":"https:\/\/lsl-lannert.de\/en\/wp-json\/wp\/v2\/pages\/820\/revisions"}],"predecessor-version":[{"id":1105,"href":"https:\/\/lsl-lannert.de\/en\/wp-json\/wp\/v2\/pages\/820\/revisions\/1105"}],"up":[{"embeddable":true,"href":"https:\/\/lsl-lannert.de\/en\/wp-json\/wp\/v2\/pages\/727"}],"wp:attachment":[{"href":"https:\/\/lsl-lannert.de\/en\/wp-json\/wp\/v2\/media?parent=820"}],"curies":[{"name":"wp","href":"https:\/\/api.w.org\/{rel}","templated":true}]}}