{"id":793,"date":"2013-09-27T11:26:31","date_gmt":"2013-09-27T09:26:31","guid":{"rendered":"https:\/\/lsl-lannert.de\/?page_id=793"},"modified":"2014-02-25T19:19:17","modified_gmt":"2014-02-25T17:19:17","slug":"laser-tube-1210-and-1220","status":"publish","type":"page","link":"https:\/\/lsl-lannert.de\/en\/spare-parts\/laser-tube-1210-and-1220\/","title":{"rendered":"Laser tube 1210 and 1220"},"content":{"rendered":"<h1>Laserr\u00f6hre 1210G und 1220G<\/h1>\n<p>In den Messger\u00e4ten Type 4025G und 4050G sind die selben Laserr\u00f6hren wie in den Messger\u00e4ten 1210G, 1220G, 1210S und 1220S eingebaut.<\/p>\n<p>Betriebsspannung ca. : 1275V<\/p>\n<p>Laserr\u00f6hre ist in einem ALU-Rohr eingebaut.<\/p>\n<p>Das Ersetzen dieser Laserr\u00f6hre ist nur durch einen Fachbetrieb m\u00f6glich.<\/p>","protected":false},"excerpt":{"rendered":"<p>Laserr\u00f6hre 1210G und 1220G In den Messger\u00e4ten Type 4025G und 4050G sind die selben Laserr\u00f6hren wie in den Messger\u00e4ten 1210G, 1220G, 1210S und 1220S eingebaut. Betriebsspannung ca. : 1275V Laserr\u00f6hre ist in einem ALU-Rohr eingebaut. Das Ersetzen dieser Laserr\u00f6hre ist nur durch einen Fachbetrieb m\u00f6glich.<\/p>\n","protected":false},"author":4,"featured_media":0,"parent":730,"menu_order":95,"comment_status":"closed","ping_status":"closed","template":"","meta":[],"acf":[],"_links":{"self":[{"href":"https:\/\/lsl-lannert.de\/en\/wp-json\/wp\/v2\/pages\/793"}],"collection":[{"href":"https:\/\/lsl-lannert.de\/en\/wp-json\/wp\/v2\/pages"}],"about":[{"href":"https:\/\/lsl-lannert.de\/en\/wp-json\/wp\/v2\/types\/page"}],"author":[{"embeddable":true,"href":"https:\/\/lsl-lannert.de\/en\/wp-json\/wp\/v2\/users\/4"}],"replies":[{"embeddable":true,"href":"https:\/\/lsl-lannert.de\/en\/wp-json\/wp\/v2\/comments?post=793"}],"version-history":[{"count":5,"href":"https:\/\/lsl-lannert.de\/en\/wp-json\/wp\/v2\/pages\/793\/revisions"}],"predecessor-version":[{"id":1020,"href":"https:\/\/lsl-lannert.de\/en\/wp-json\/wp\/v2\/pages\/793\/revisions\/1020"}],"up":[{"embeddable":true,"href":"https:\/\/lsl-lannert.de\/en\/wp-json\/wp\/v2\/pages\/730"}],"wp:attachment":[{"href":"https:\/\/lsl-lannert.de\/en\/wp-json\/wp\/v2\/media?parent=793"}],"curies":[{"name":"wp","href":"https:\/\/api.w.org\/{rel}","templated":true}]}}